{"id":4920,"date":"2021-09-16T12:22:53","date_gmt":"2021-09-16T10:22:53","guid":{"rendered":"https:\/\/sctbuilding.it\/?page_id=4920"},"modified":"2021-09-16T12:33:10","modified_gmt":"2021-09-16T10:33:10","slug":"super-bonus-100","status":"publish","type":"page","link":"https:\/\/sctbuilding.it\/?page_id=4920","title":{"rendered":"Super Bonus 110%"},"content":{"rendered":"\t\t<div data-elementor-type=\"wp-page\" data-elementor-id=\"4920\" class=\"elementor elementor-4920\">\n\t\t\t\t\t\t<section class=\"elementor-section elementor-top-section elementor-element elementor-element-d95183b elementor-section-boxed elementor-section-height-default elementor-section-height-default\" data-id=\"d95183b\" data-element_type=\"section\">\n\t\t\t\t\t\t<div class=\"elementor-container elementor-column-gap-default\">\n\t\t\t\t\t<div class=\"elementor-column elementor-col-100 elementor-top-column elementor-element elementor-element-b29d231 ot-flex-column-vertical\" data-id=\"b29d231\" data-element_type=\"column\">\n\t\t\t<div class=\"elementor-widget-wrap elementor-element-populated\">\n\t\t\t\t\t\t<div class=\"elementor-element elementor-element-0c71eec elementor-widget elementor-widget-spacer\" data-id=\"0c71eec\" data-element_type=\"widget\" data-widget_type=\"spacer.default\">\n\t\t\t\t<div class=\"elementor-widget-container\">\n\t\t\t\t\t\t\t<div class=\"elementor-spacer\">\n\t\t\t<div class=\"elementor-spacer-inner\"><\/div>\n\t\t<\/div>\n\t\t\t\t\t\t<\/div>\n\t\t\t\t<\/div>\n\t\t\t\t\t<\/div>\n\t\t<\/div>\n\t\t\t\t\t<\/div>\n\t\t<\/section>\n\t\t\t\t<section class=\"elementor-section elementor-top-section elementor-element elementor-element-909b8e5 elementor-section-boxed elementor-section-height-default elementor-section-height-default\" data-id=\"909b8e5\" data-element_type=\"section\">\n\t\t\t\t\t\t<div class=\"elementor-container elementor-column-gap-default\">\n\t\t\t\t\t<div class=\"elementor-column elementor-col-50 elementor-top-column elementor-element elementor-element-e755b37 ot-flex-column-vertical\" data-id=\"e755b37\" data-element_type=\"column\">\n\t\t\t<div class=\"elementor-widget-wrap elementor-element-populated\">\n\t\t\t\t\t\t<div class=\"elementor-element elementor-element-2fd65b4 elementor-widget elementor-widget-text-editor\" data-id=\"2fd65b4\" data-element_type=\"widget\" data-widget_type=\"text-editor.default\">\n\t\t\t\t<div class=\"elementor-widget-container\">\n\t\t\t\t\t\t\t\t\t<header class=\"entry-header\"><h3 class=\"entry-title\">Superbonus 110%<\/h3><\/header><div class=\"entry-summary\"><p>Il decreto Rilancio1, nell\u2019ambito delle misure urgenti in materia di salute, sostegno al lavoro e all\u2019economia, nonch\u00e9 di politiche sociali connesse all\u2019emergenza epidemiologica da Covid-19, ha incrementato al 110% l\u2019aliquota di detrazione delle\u00a0spese sostenute dal 1\u00b0 luglio 2020 al 31 dicembre 2021, a fronte di specifici interventi\u00a0in ambito di efficienza energetica, di interventi di riduzione del rischio sismico, di installazione di impianti fotovoltaici nonch\u00e9 delle infrastrutture per la ricarica di veicoli elettrici negli edifici (cd. Superbonus).<br \/>La legge di bilancio 2021 (legge n. 178 del 30 dicembre 2020) ha prorogato il<br \/>Superbonus al 30 giugno 2022 (e, in determinate situazioni, al 31 dicembre 2022 o al\u00a030 giugno 2023) e introdotto altre rilevanti modiche alla disciplina che regola<br \/>l\u2019agevolazione.<br \/>Le disposizioni sul Superbonus consentono di fruire di una detrazione del 110% delle\u00a0spese e si aggiungono a quelle gi\u00e0 vigenti che disciplinano le detrazioni dal 50 all\u201985%\u00a0delle spese spettanti per gli interventi di:<br \/>\u2022 recupero del patrimonio edilizio, in base all\u2019articolo 16-bis del Tuir inclusi quelli<br \/>antisismici (cd. sismabonus) attualmente disciplinati dall\u2019articolo 16 del decreto<br \/>legge n. 63\/2013<br \/>\u2022 riqualificazione energetica degli edifici (cd. ecobonus), in base all\u2019articolo 14 del<br \/>decreto legge n. 63\/2013. Per questi interventi, attualmente sono riconosciute<br \/>detrazioni pi\u00f9 elevate quando si interviene sulle parti comuni dell\u2019involucro opaco<br \/>per pi\u00f9 del 25% della superficie disperdente o quando con questi interventi si<br \/>consegue la classe media dell\u2019involucro nel comportamento invernale ed estivo,<br \/>ovvero quando gli interventi sono realizzati sulle parti comuni di edifici ubicati nelle\u00a0zone sismiche 1, 2 o 3 e sono finalizzati congiuntamente alla riqualificazione<br \/>energetica e alla riduzione del rischio sismico.<br \/>Altra importante novit\u00e0, introdotta dal decreto Rilancio, \u00e8 la possibilit\u00e0 generalizzata di\u00a0optare, in luogo della fruizione diretta della detrazione, per un contributo anticipato\u00a0sotto forma di sconto dai fornitori dei beni o servizi (cd. sconto in fattura) o, in\u00a0alternativa, per la cessione del credito corrispondente alla detrazione spettante.<\/p><\/div>\t\t\t\t\t\t\t\t<\/div>\n\t\t\t\t<\/div>\n\t\t\t\t\t<\/div>\n\t\t<\/div>\n\t\t\t\t<div class=\"elementor-column elementor-col-50 elementor-top-column elementor-element elementor-element-6f0ee63 ot-flex-column-vertical\" data-id=\"6f0ee63\" data-element_type=\"column\">\n\t\t\t<div class=\"elementor-widget-wrap elementor-element-populated\">\n\t\t\t\t\t\t<div class=\"elementor-element elementor-element-26d03ac elementor-widget elementor-widget-image\" data-id=\"26d03ac\" data-element_type=\"widget\" data-widget_type=\"image.default\">\n\t\t\t\t<div class=\"elementor-widget-container\">\n\t\t\t\t\t\t\t\t\t\t\t\t\t\t\t<img fetchpriority=\"high\" decoding=\"async\" width=\"868\" height=\"860\" src=\"https:\/\/sctbuilding.it\/wp-content\/uploads\/2020\/06\/slider1-home3.jpg\" class=\"attachment-large size-large wp-image-3607\" alt=\"\" srcset=\"https:\/\/sctbuilding.it\/wp-content\/uploads\/2020\/06\/slider1-home3.jpg 868w, https:\/\/sctbuilding.it\/wp-content\/uploads\/2020\/06\/slider1-home3-300x297.jpg 300w, https:\/\/sctbuilding.it\/wp-content\/uploads\/2020\/06\/slider1-home3-150x150.jpg 150w, https:\/\/sctbuilding.it\/wp-content\/uploads\/2020\/06\/slider1-home3-768x761.jpg 768w\" sizes=\"(max-width: 868px) 100vw, 868px\" \/>\t\t\t\t\t\t\t\t\t\t\t\t\t\t\t<\/div>\n\t\t\t\t<\/div>\n\t\t\t\t\t<\/div>\n\t\t<\/div>\n\t\t\t\t\t<\/div>\n\t\t<\/section>\n\t\t\t\t<\/div>\n\t\t","protected":false},"excerpt":{"rendered":"<p>Superbonus 110% Il decreto Rilancio1, nell\u2019ambito delle misure urgenti in materia di salute, sostegno al lavoro e all\u2019economia, nonch\u00e9 di politiche sociali connesse all\u2019emergenza epidemiologica da Covid-19, ha incrementato al 110% l\u2019aliquota di detrazione delle&nbsp;spese sostenute dal 1\u00b0 luglio 2020 al 31 dicembre 2021, a fronte di specifici interventi&nbsp;in ambito di efficienza energetica, di interventi [&hellip;]<\/p>\n","protected":false},"author":1,"featured_media":0,"parent":0,"menu_order":0,"comment_status":"closed","ping_status":"closed","template":"","meta":{"footnotes":""},"class_list":["post-4920","page","type-page","status-publish","hentry"],"_links":{"self":[{"href":"https:\/\/sctbuilding.it\/index.php?rest_route=\/wp\/v2\/pages\/4920","targetHints":{"allow":["GET"]}}],"collection":[{"href":"https:\/\/sctbuilding.it\/index.php?rest_route=\/wp\/v2\/pages"}],"about":[{"href":"https:\/\/sctbuilding.it\/index.php?rest_route=\/wp\/v2\/types\/page"}],"author":[{"embeddable":true,"href":"https:\/\/sctbuilding.it\/index.php?rest_route=\/wp\/v2\/users\/1"}],"replies":[{"embeddable":true,"href":"https:\/\/sctbuilding.it\/index.php?rest_route=%2Fwp%2Fv2%2Fcomments&post=4920"}],"version-history":[{"count":9,"href":"https:\/\/sctbuilding.it\/index.php?rest_route=\/wp\/v2\/pages\/4920\/revisions"}],"predecessor-version":[{"id":4930,"href":"https:\/\/sctbuilding.it\/index.php?rest_route=\/wp\/v2\/pages\/4920\/revisions\/4930"}],"wp:attachment":[{"href":"https:\/\/sctbuilding.it\/index.php?rest_route=%2Fwp%2Fv2%2Fmedia&parent=4920"}],"curies":[{"name":"wp","href":"https:\/\/api.w.org\/{rel}","templated":true}]}}